{"id":3,"date":"2025-05-24T11:08:24","date_gmt":"2025-05-24T09:08:24","guid":{"rendered":"http:\/\/latelierdurenouvelable.fr\/?page_id=3"},"modified":"2025-10-04T10:33:51","modified_gmt":"2025-10-04T08:33:51","slug":"politique-de-confidentialite","status":"publish","type":"page","link":"https:\/\/latelierdurenouvelable.fr\/index.php\/politique-de-confidentialite\/","title":{"rendered":"Politique de confidentialit\u00e9"},"content":{"rendered":"\t\t<div data-elementor-type=\"wp-page\" data-elementor-id=\"3\" class=\"elementor elementor-3\">\n\t\t\t\t<div class=\"elementor-element elementor-element-65d47af3 e-flex e-con-boxed e-con e-parent\" data-id=\"65d47af3\" data-element_type=\"container\" data-e-type=\"container\">\n\t\t\t\t\t<div class=\"e-con-inner\">\n\t\t\t\t<div class=\"elementor-element elementor-element-6f7a9128 elementor-widget elementor-widget-text-editor\" data-id=\"6f7a9128\" data-element_type=\"widget\" data-e-type=\"widget\" data-widget_type=\"text-editor.default\">\n\t\t\t\t\t\t\t\t\t<h2 class=\"wp-block-heading\" style=\"font-style: normal; font-variant-caps: normal; font-family: 'Roboto Slab';\">Si\u00e8ge social<\/h2><p style=\"font-style: normal; font-variant-caps: normal; font-family: 'Roboto Slab'; font-size: 15px; caret-color: #4a4a4a; color: #4a4a4a;\">1 rue Etienne Bol\u00e9ro<br \/>83590 Gonfaron<\/p><p style=\"font-style: normal; font-variant-caps: normal; font-family: 'Roboto Slab'; font-size: 15px; caret-color: #4a4a4a; color: #4a4a4a;\">T\u00e9l\u00e9phone : 04 94 78 39 22 \/ Num\u00e9ro de Siret : 929 462 828 00039<\/p><p style=\"font-style: normal; font-variant-caps: normal; font-family: 'Roboto Slab'; font-size: 15px; caret-color: #4a4a4a; color: #4a4a4a;\"><a href=\"http:\/\/www.latelierdurenouvelable.fr\">www.latelierdurenouvelable.fr<\/a><\/p><h2 class=\"wp-block-heading\" style=\"font-style: normal; font-variant-caps: normal; font-family: 'Roboto Slab';\">H\u00e9bergement<\/h2><p style=\"font-style: normal; font-variant-caps: normal; font-family: 'Roboto Slab'; font-size: 15px; caret-color: #4a4a4a; color: #4a4a4a;\"><a style=\"font-size: 15px; text-decoration: underline; transition-timing-function: ease; transition-property: all; cursor: pointer; text-underline-offset: 3px; text-decoration-skip-ink: all;\" href=\"http:\/\/www.ovh.com\/fr\/\" target=\"_blank\" rel=\"noreferrer noopener\">OVH<\/a><br \/>RCS Roubaix \u2013 Tourcoing 424 761 419 00045<br \/>Code APE 6202A<br \/>N\u00b0 TVA : FR 22 424 761 419<br \/>Si\u00e8ge social : 2 rue Kellermann \u2013 59100 Roubaix \u2013 France.<\/p><h3 class=\"wp-block-heading\" style=\"font-style: normal; font-variant-caps: normal; font-family: 'Roboto Slab';\">Droits<\/h3><p style=\"font-style: normal; font-variant-caps: normal; font-family: 'Roboto Slab'; font-size: 15px; caret-color: #4a4a4a; color: #4a4a4a;\">Les marques cit\u00e9es sont d\u00e9pos\u00e9es par leur propri\u00e9taire. Les illustrations et photographies sont propri\u00e9t\u00e9 de L&rsquo;Atelier du Renouvelable ou de tiers ayant autoris\u00e9 leur utilisation.<\/p><h3 class=\"wp-block-heading\" style=\"font-style: normal; font-variant-caps: normal; font-family: 'Roboto Slab';\">Confidentialit\u00e9 des donn\u00e9es\u00a0<\/h3><p style=\"font-style: normal; font-variant-caps: normal; font-family: 'Roboto Slab'; font-size: 15px; caret-color: #4a4a4a; color: #4a4a4a;\">Conform\u00e9ment \u00e0 la loi Informatique et Libert\u00e9s du 6 janvier 1978, les r\u00e9ponses donn\u00e9es aux formulaires pr\u00e9sents sur ce site pourront \u00eatre transmises et exploit\u00e9es et vous disposez d\u2019un droit d\u2019acc\u00e8s et de rectification portant sur ces donn\u00e9es en \u00e9crivant \u00e0 :<\/p><p style=\"font-style: normal; font-variant-caps: normal; font-family: 'Roboto Slab'; font-size: 15px; caret-color: #4a4a4a; color: #4a4a4a;\">RECTIFICATION DES DONNEES<br \/>SASU L&rsquo;ATELIER DU RENOUVELABLE<br \/>1 rue Etienne Bol\u00e9ro<br \/>83590 GONFARON<\/p><p style=\"font-style: normal; font-variant-caps: normal; font-family: 'Roboto Slab'; font-size: 15px; caret-color: #4a4a4a; color: #4a4a4a;\">Autorit\u00e9 de surveillance:<br \/>La CNIL Commission Nationale de l\u2019Informatique et des libert\u00e9s. Pour les contacter : https:\/\/www.cnil.fr\/fr\/vous-souhaitez-contacter-la-cnil\u00a0<br \/>Modifications de cette politique de confidentialit\u00e9:<br \/>Nous nous r\u00e9servons le droit d\u2019apporter des modifications \u00e0 cette politique de confidentialit\u00e9.<\/p><p><!-- \/wp:paragraph --><\/p>\t\t\t\t\t\t\t\t<\/div>\n\t\t\t\t\t<\/div>\n\t\t\t\t<\/div>\n\t\t\t\t<\/div>\n\t\t","protected":false},"excerpt":{"rendered":"<p>Si\u00e8ge social 1 rue Etienne Bol\u00e9ro83590 Gonfaron T\u00e9l\u00e9phone : 04 94 78 39 22 \/ Num\u00e9ro de Siret : 929 462 828 00039 www.latelierdurenouvelable.fr H\u00e9bergement OVHRCS Roubaix \u2013 Tourcoing 424 761 419 00045Code APE 6202AN\u00b0 TVA : FR 22 424 761 419Si\u00e8ge social : 2 rue Kellermann \u2013 59100 Roubaix \u2013 France. Droits Les marques [&hellip;]<\/p>\n","protected":false},"author":1,"featured_media":0,"parent":0,"menu_order":1,"comment_status":"closed","ping_status":"closed","template":"elementor_header_footer","meta":{"ocean_post_layout":"","ocean_both_sidebars_style":"","ocean_both_sidebars_content_width":0,"ocean_both_sidebars_sidebars_width":0,"ocean_sidebar":"","ocean_second_sidebar":"","ocean_disable_margins":"on","ocean_add_body_class":"","ocean_shortcode_before_top_bar":"","ocean_shortcode_after_top_bar":"","ocean_shortcode_before_header":"","ocean_shortcode_after_header":"","ocean_has_shortcode":"","ocean_shortcode_after_title":"","ocean_shortcode_before_footer_widgets":"","ocean_shortcode_after_footer_widgets":"","ocean_shortcode_before_footer_bottom":"","ocean_shortcode_after_footer_bottom":"","ocean_display_top_bar":"default","ocean_display_header":"default","ocean_header_style":"","ocean_center_header_left_menu":"","ocean_custom_header_template":"","ocean_custom_logo":0,"ocean_custom_retina_logo":0,"ocean_custom_logo_max_width":0,"ocean_custom_logo_tablet_max_width":0,"ocean_custom_logo_mobile_max_width":0,"ocean_custom_logo_max_height":0,"ocean_custom_logo_tablet_max_height":0,"ocean_custom_logo_mobile_max_height":0,"ocean_header_custom_menu":"","ocean_menu_typo_font_family":"","ocean_menu_typo_font_subset":"","ocean_menu_typo_font_size":0,"ocean_menu_typo_font_size_tablet":0,"ocean_menu_typo_font_size_mobile":0,"ocean_menu_typo_font_size_unit":"px","ocean_menu_typo_font_weight":"","ocean_menu_typo_font_weight_tablet":"","ocean_menu_typo_font_weight_mobile":"","ocean_menu_typo_transform":"","ocean_menu_typo_transform_tablet":"","ocean_menu_typo_transform_mobile":"","ocean_menu_typo_line_height":0,"ocean_menu_typo_line_height_tablet":0,"ocean_menu_typo_line_height_mobile":0,"ocean_menu_typo_line_height_unit":"","ocean_menu_typo_spacing":0,"ocean_menu_typo_spacing_tablet":0,"ocean_menu_typo_spacing_mobile":0,"ocean_menu_typo_spacing_unit":"","ocean_menu_link_color":"","ocean_menu_link_color_hover":"","ocean_menu_link_color_active":"","ocean_menu_link_background":"","ocean_menu_link_hover_background":"","ocean_menu_link_active_background":"","ocean_menu_social_links_bg":"","ocean_menu_social_hover_links_bg":"","ocean_menu_social_links_color":"","ocean_menu_social_hover_links_color":"","ocean_disable_title":"default","ocean_disable_heading":"default","ocean_post_title":"","ocean_post_subheading":"","ocean_post_title_style":"","ocean_post_title_background_color":"","ocean_post_title_background":0,"ocean_post_title_bg_image_position":"","ocean_post_title_bg_image_attachment":"","ocean_post_title_bg_image_repeat":"","ocean_post_title_bg_image_size":"","ocean_post_title_height":0,"ocean_post_title_bg_overlay":0.5,"ocean_post_title_bg_overlay_color":"","ocean_disable_breadcrumbs":"default","ocean_breadcrumbs_color":"","ocean_breadcrumbs_separator_color":"","ocean_breadcrumbs_links_color":"","ocean_breadcrumbs_links_hover_color":"","ocean_display_footer_widgets":"default","ocean_display_footer_bottom":"default","ocean_custom_footer_template":"","footnotes":""},"class_list":["post-3","page","type-page","status-publish","hentry","entry"],"yoast_head":"<!-- This site is optimized with the Yoast SEO plugin v27.1.1 - https:\/\/yoast.com\/product\/yoast-seo-wordpress\/ -->\n<title>Politique de confidentialit\u00e9 - l&#039;Atelier du Renouvelable<\/title>\n<meta name=\"robots\" content=\"index, follow, max-snippet:-1, max-image-preview:large, max-video-preview:-1\" \/>\n<link rel=\"canonical\" href=\"https:\/\/latelierdurenouvelable.fr\/index.php\/politique-de-confidentialite\/\" \/>\n<meta property=\"og:locale\" content=\"fr_FR\" \/>\n<meta property=\"og:type\" content=\"article\" \/>\n<meta property=\"og:title\" content=\"Politique de confidentialit\u00e9 - l&#039;Atelier du Renouvelable\" \/>\n<meta property=\"og:description\" content=\"Si\u00e8ge social 1 rue Etienne Bol\u00e9ro83590 Gonfaron T\u00e9l\u00e9phone : 04 94 78 39 22 \/ Num\u00e9ro de Siret : 929 462 828 00039 www.latelierdurenouvelable.fr H\u00e9bergement OVHRCS Roubaix \u2013 Tourcoing 424 761 419 00045Code APE 6202AN\u00b0 TVA : FR 22 424 761 419Si\u00e8ge social : 2 rue Kellermann \u2013 59100 Roubaix \u2013 France. Droits Les marques [&hellip;]\" \/>\n<meta property=\"og:url\" content=\"https:\/\/latelierdurenouvelable.fr\/index.php\/politique-de-confidentialite\/\" \/>\n<meta property=\"og:site_name\" content=\"l&#039;Atelier du Renouvelable\" \/>\n<meta property=\"article:modified_time\" content=\"2025-10-04T08:33:51+00:00\" \/>\n<meta name=\"twitter:card\" content=\"summary_large_image\" \/>\n<meta name=\"twitter:label1\" content=\"Dur\u00e9e de lecture estim\u00e9e\" \/>\n\t<meta name=\"twitter:data1\" content=\"1 minute\" \/>\n<script type=\"application\/ld+json\" class=\"yoast-schema-graph\">{\"@context\":\"https:\/\/schema.org\",\"@graph\":[{\"@type\":\"WebPage\",\"@id\":\"https:\/\/latelierdurenouvelable.fr\/index.php\/politique-de-confidentialite\/\",\"url\":\"https:\/\/latelierdurenouvelable.fr\/index.php\/politique-de-confidentialite\/\",\"name\":\"Politique de confidentialit\u00e9 - l&#039;Atelier du Renouvelable\",\"isPartOf\":{\"@id\":\"https:\/\/latelierdurenouvelable.fr\/#website\"},\"datePublished\":\"2025-05-24T09:08:24+00:00\",\"dateModified\":\"2025-10-04T08:33:51+00:00\",\"breadcrumb\":{\"@id\":\"https:\/\/latelierdurenouvelable.fr\/index.php\/politique-de-confidentialite\/#breadcrumb\"},\"inLanguage\":\"fr-FR\",\"potentialAction\":[{\"@type\":\"ReadAction\",\"target\":[\"https:\/\/latelierdurenouvelable.fr\/index.php\/politique-de-confidentialite\/\"]}]},{\"@type\":\"BreadcrumbList\",\"@id\":\"https:\/\/latelierdurenouvelable.fr\/index.php\/politique-de-confidentialite\/#breadcrumb\",\"itemListElement\":[{\"@type\":\"ListItem\",\"position\":1,\"name\":\"Accueil\",\"item\":\"https:\/\/latelierdurenouvelable.fr\/\"},{\"@type\":\"ListItem\",\"position\":2,\"name\":\"Politique de confidentialit\u00e9\"}]},{\"@type\":\"WebSite\",\"@id\":\"https:\/\/latelierdurenouvelable.fr\/#website\",\"url\":\"https:\/\/latelierdurenouvelable.fr\/\",\"name\":\"latelierdurenouvelable\",\"description\":\"Un artisan proche de vous !\",\"publisher\":{\"@id\":\"https:\/\/latelierdurenouvelable.fr\/#organization\"},\"potentialAction\":[{\"@type\":\"SearchAction\",\"target\":{\"@type\":\"EntryPoint\",\"urlTemplate\":\"https:\/\/latelierdurenouvelable.fr\/?s={search_term_string}\"},\"query-input\":{\"@type\":\"PropertyValueSpecification\",\"valueRequired\":true,\"valueName\":\"search_term_string\"}}],\"inLanguage\":\"fr-FR\"},{\"@type\":\"Organization\",\"@id\":\"https:\/\/latelierdurenouvelable.fr\/#organization\",\"name\":\"L'Atelier du Renouvelable\",\"url\":\"https:\/\/latelierdurenouvelable.fr\/\",\"logo\":{\"@type\":\"ImageObject\",\"inLanguage\":\"fr-FR\",\"@id\":\"https:\/\/latelierdurenouvelable.fr\/#\/schema\/logo\/image\/\",\"url\":\"https:\/\/latelierdurenouvelable.fr\/wp-content\/uploads\/2025\/08\/ADR-logo.jpg\",\"contentUrl\":\"https:\/\/latelierdurenouvelable.fr\/wp-content\/uploads\/2025\/08\/ADR-logo.jpg\",\"width\":827,\"height\":827,\"caption\":\"L'Atelier du Renouvelable\"},\"image\":{\"@id\":\"https:\/\/latelierdurenouvelable.fr\/#\/schema\/logo\/image\/\"},\"sameAs\":[\"https:\/\/www.instagram.com\/latelier_du_renouvelable_83\/\"]}]}<\/script>\n<!-- \/ Yoast SEO plugin. -->","yoast_head_json":{"title":"Politique de confidentialit\u00e9 - l&#039;Atelier du Renouvelable","robots":{"index":"index","follow":"follow","max-snippet":"max-snippet:-1","max-image-preview":"max-image-preview:large","max-video-preview":"max-video-preview:-1"},"canonical":"https:\/\/latelierdurenouvelable.fr\/index.php\/politique-de-confidentialite\/","og_locale":"fr_FR","og_type":"article","og_title":"Politique de confidentialit\u00e9 - l&#039;Atelier du Renouvelable","og_description":"Si\u00e8ge social 1 rue Etienne Bol\u00e9ro83590 Gonfaron T\u00e9l\u00e9phone : 04 94 78 39 22 \/ Num\u00e9ro de Siret : 929 462 828 00039 www.latelierdurenouvelable.fr H\u00e9bergement OVHRCS Roubaix \u2013 Tourcoing 424 761 419 00045Code APE 6202AN\u00b0 TVA : FR 22 424 761 419Si\u00e8ge social : 2 rue Kellermann \u2013 59100 Roubaix \u2013 France. Droits Les marques [&hellip;]","og_url":"https:\/\/latelierdurenouvelable.fr\/index.php\/politique-de-confidentialite\/","og_site_name":"l&#039;Atelier du Renouvelable","article_modified_time":"2025-10-04T08:33:51+00:00","twitter_card":"summary_large_image","twitter_misc":{"Dur\u00e9e de lecture estim\u00e9e":"1 minute"},"schema":{"@context":"https:\/\/schema.org","@graph":[{"@type":"WebPage","@id":"https:\/\/latelierdurenouvelable.fr\/index.php\/politique-de-confidentialite\/","url":"https:\/\/latelierdurenouvelable.fr\/index.php\/politique-de-confidentialite\/","name":"Politique de confidentialit\u00e9 - l&#039;Atelier du Renouvelable","isPartOf":{"@id":"https:\/\/latelierdurenouvelable.fr\/#website"},"datePublished":"2025-05-24T09:08:24+00:00","dateModified":"2025-10-04T08:33:51+00:00","breadcrumb":{"@id":"https:\/\/latelierdurenouvelable.fr\/index.php\/politique-de-confidentialite\/#breadcrumb"},"inLanguage":"fr-FR","potentialAction":[{"@type":"ReadAction","target":["https:\/\/latelierdurenouvelable.fr\/index.php\/politique-de-confidentialite\/"]}]},{"@type":"BreadcrumbList","@id":"https:\/\/latelierdurenouvelable.fr\/index.php\/politique-de-confidentialite\/#breadcrumb","itemListElement":[{"@type":"ListItem","position":1,"name":"Accueil","item":"https:\/\/latelierdurenouvelable.fr\/"},{"@type":"ListItem","position":2,"name":"Politique de confidentialit\u00e9"}]},{"@type":"WebSite","@id":"https:\/\/latelierdurenouvelable.fr\/#website","url":"https:\/\/latelierdurenouvelable.fr\/","name":"latelierdurenouvelable","description":"Un artisan proche de vous !","publisher":{"@id":"https:\/\/latelierdurenouvelable.fr\/#organization"},"potentialAction":[{"@type":"SearchAction","target":{"@type":"EntryPoint","urlTemplate":"https:\/\/latelierdurenouvelable.fr\/?s={search_term_string}"},"query-input":{"@type":"PropertyValueSpecification","valueRequired":true,"valueName":"search_term_string"}}],"inLanguage":"fr-FR"},{"@type":"Organization","@id":"https:\/\/latelierdurenouvelable.fr\/#organization","name":"L'Atelier du Renouvelable","url":"https:\/\/latelierdurenouvelable.fr\/","logo":{"@type":"ImageObject","inLanguage":"fr-FR","@id":"https:\/\/latelierdurenouvelable.fr\/#\/schema\/logo\/image\/","url":"https:\/\/latelierdurenouvelable.fr\/wp-content\/uploads\/2025\/08\/ADR-logo.jpg","contentUrl":"https:\/\/latelierdurenouvelable.fr\/wp-content\/uploads\/2025\/08\/ADR-logo.jpg","width":827,"height":827,"caption":"L'Atelier du Renouvelable"},"image":{"@id":"https:\/\/latelierdurenouvelable.fr\/#\/schema\/logo\/image\/"},"sameAs":["https:\/\/www.instagram.com\/latelier_du_renouvelable_83\/"]}]}},"_links":{"self":[{"href":"https:\/\/latelierdurenouvelable.fr\/index.php\/wp-json\/wp\/v2\/pages\/3","targetHints":{"allow":["GET"]}}],"collection":[{"href":"https:\/\/latelierdurenouvelable.fr\/index.php\/wp-json\/wp\/v2\/pages"}],"about":[{"href":"https:\/\/latelierdurenouvelable.fr\/index.php\/wp-json\/wp\/v2\/types\/page"}],"author":[{"embeddable":true,"href":"https:\/\/latelierdurenouvelable.fr\/index.php\/wp-json\/wp\/v2\/users\/1"}],"replies":[{"embeddable":true,"href":"https:\/\/latelierdurenouvelable.fr\/index.php\/wp-json\/wp\/v2\/comments?post=3"}],"version-history":[{"count":17,"href":"https:\/\/latelierdurenouvelable.fr\/index.php\/wp-json\/wp\/v2\/pages\/3\/revisions"}],"predecessor-version":[{"id":875,"href":"https:\/\/latelierdurenouvelable.fr\/index.php\/wp-json\/wp\/v2\/pages\/3\/revisions\/875"}],"wp:attachment":[{"href":"https:\/\/latelierdurenouvelable.fr\/index.php\/wp-json\/wp\/v2\/media?parent=3"}],"curies":[{"name":"wp","href":"https:\/\/api.w.org\/{rel}","templated":true}]}}